{"id":4889,"date":"2024-10-02T12:26:56","date_gmt":"2024-10-02T12:26:56","guid":{"rendered":"https:\/\/shipitcheap.co\/conditions-generales-de-vente\/"},"modified":"2024-10-05T07:44:42","modified_gmt":"2024-10-05T07:44:42","slug":"conditions-generales-de-vente","status":"publish","type":"page","link":"https:\/\/shipitcheap.co\/ar\/conditions-generales-de-vente\/","title":{"rendered":"Conditions Generales De Vente"},"content":{"rendered":"\t\t<div data-elementor-type=\"wp-page\" data-elementor-id=\"4889\" class=\"elementor elementor-4889 elementor-4866\">\n\t\t\t\t<div class=\"elementor-element elementor-element-3b9e119d e-flex e-con-boxed e-con e-parent\" data-id=\"3b9e119d\" data-element_type=\"container\">\n\t\t\t\t\t<div class=\"e-con-inner\">\n\t\t\t\t<div class=\"elementor-element elementor-element-75a08244 color-scheme-inherit text-left elementor-widget elementor-widget-text-editor\" data-id=\"75a08244\" data-element_type=\"widget\" data-widget_type=\"text-editor.default\">\n\t\t\t\t<div class=\"elementor-widget-container\">\n\t\t\t\t\t\t\t\t\t<ol>\n<li><a href=\"#_Toc183422636\">Pr\u00e9ambule. 1<\/a><\/li>\n<li><a href=\"#_Toc183422637\"> Objet 1<\/a><\/li>\n<li><a href=\"#_Toc183422638\"> D\u00e9finitions 2<\/a><\/li>\n<li><a href=\"#_Toc183422639\"> Produit 2<\/a><\/li>\n<li><a href=\"#_Toc183422640\"> Passer une commande 2<\/a><\/li>\n<li><a href=\"#_Toc183422641\"> Prix. 2<\/a><\/li>\n<li><a href=\"#_Toc183422642\"> Ex\u00e9cution de la commande. 3<\/a><\/li>\n<li><a href=\"#_Toc183422643\"> Livraison. 3<\/a><\/li>\n<li><a href=\"#_Toc183422644\"> Mode de paiement 3<\/a><\/li>\n<li><a href=\"#_Toc183422645\"> Confidentialit\u00e9 des donn\u00e9es 4<\/a><\/li>\n<li><a href=\"#_Toc183422646\"> Annuler une commande 4<\/a><\/li>\n<li><a href=\"#_Toc183422647\"> Droit de r\u00e9tractation. 4<\/a><\/li>\n<li><a href=\"#_Toc183422648\"> Garantie. 4<\/a><\/li>\n<li><a href=\"#_Toc183422649\"> Preuve des transactions pay\u00e9s par carte bancaire 5<\/a><\/li>\n<li><a href=\"#_Toc183422650\"> Force majeure. 5<\/a><\/li>\n<\/ol>\n<p><a name=\"_Toc524433424\"><\/a><strong>AVERTISSEMENT<\/strong><\/p>\n<p>Vous venez de vous connecter sur le site https:\/\/<a href=\"https:\/\/shipitcheap.co\/\">shipitcheap.co<\/a> de la Soci\u00e9t\u00e9 <strong>Ship It Cheap Trading and Services SARL<\/strong>.<\/p>\n<p>Vous devez lire attentivement les dispositions qui vont suivre car elles constituent un contact \u00e9tablissant les conditions g\u00e9n\u00e9rales des produits et services du catalogue (ou de la boutique) \u00e9lectronique de la Soci\u00e9t\u00e9 <strong>Ship It Cheap Trading and Services SARL<\/strong>.<\/p>\n<p>Le \u00ab\u00a0clic\u00a0\u00bb que vous ex\u00e9cuterez apr\u00e8s avoir rempli votre bon de commande constitue la validation de votre commande et vaudra acceptation irr\u00e9vocable des pr\u00e9sentes conditions g\u00e9n\u00e9rales.<\/p>\n<p>En cons\u00e9quence, vous ne pouvez commander de produits ou services que si vous acceptez les conditions pr\u00e9vues ci-dessous.<\/p>\n<h2><a name=\"_Toc525096584\"><\/a><a name=\"_Toc183422636\"><\/a>1. Pr\u00e9ambule<\/h2>\n<p>Les conditions g\u00e9n\u00e9rales de vente suivantes r\u00e9gissent l&#8217;ensemble des transactions \u00e9tablies sur le catalogue web de <strong>Ship It Cheap Trading and Services SARL<\/strong>. Toute commande pass\u00e9e sur ce site suppose du client son acceptation inconditionnelle et irr\u00e9vocable de ces conditions.<\/p>\n<h2><a name=\"_Toc525096585\"><\/a>2.\u00a0Objet<\/h2>\n<p>Le pr\u00e9sent contrat est un contrat \u00e0 distance qui a pour objet de d\u00e9finir les droits et obligations des parties dans le cadre de la vente des produits de la soci\u00e9t\u00e9 <strong>Ship It Cheap Trading and Services SARL<\/strong> sur Internet, par l\u2019interm\u00e9diaire de la plate-forme s\u00e9curis\u00e9e de paiement en ligne du Centre Mon\u00e9tique Interbancaire.<\/p>\n<p>\u2026\u2026\u2026\u2026\u2026&#8230;&#8230;. est un service et une marque d\u00e9pos\u00e9s par <strong>Ship It Cheap Trading and Services SARL<\/strong>.<\/p>\n<h2><a name=\"_Toc525096586\"><\/a>3.\u00a0D\u00e9finitions<\/h2>\n<p><strong>Dans la suite du contrat, chacune des expressions mentionn\u00e9es ci-dessus s\u2019entendra au sens de sa d\u00e9finition, \u00e0 savoir\u00a0:<\/strong><\/p>\n<p><strong>\u00b7\u00a0\u00a0\u00a0\u00a0\u00a0\u00a0 \u00ab\u00a0Contrat \u00e0 distance\u00a0\u00bb\u00a0: tout contrat concernant des biens ou services entre la Soci\u00e9t\u00e9 Ship It Cheap Trading and Services SARL et un Consommateur dans le cadre d\u2019un syst\u00e8me de vente ou de prestations de service \u00e0 distance organis\u00e9 par la Soci\u00e9t\u00e9 Ship It Cheap Trading and Services SARL qui, pour ce contrat, utilise exclusivement le r\u00e9seau Internet jusqu\u2019\u00e0 la conclusion du contrat, y compris la conclusion du contrat elle-m\u00eame.<\/strong><\/p>\n<p><strong>\u00b7\u00a0\u00a0\u00a0\u00a0\u00a0\u00a0 \u00ab\u00a0Consommateur\u00a0\u00bb\u00a0: toute personne physique qui, dans le pr\u00e9sent contrat, agit \u00e0 des fins qui n\u2019entrent pas dans le cadre de son activit\u00e9 professionnelle.<\/strong><\/p>\n<p><strong>\u00b7\u00a0\u00a0\u00a0\u00a0\u00a0\u00a0 \u00ab\u00a0Bon de commande\u00a0\u00bb\u00a0: document qui indique les caract\u00e9ristiques des Produits command\u00e9s par le Consommateur et qui doit \u00eatre sign\u00e9 de lui par \u00ab\u00a0double clic\u00a0\u00bb pour l\u2019engager.<\/strong><\/p>\n<p><strong>\u00b7\u00a0\u00a0\u00a0\u00a0\u00a0\u00a0 \u00ab\u00a0Commande\u00a0\u00bb\u00a0: acte par lequel le Consommateur s\u2019engage \u00e0 acheter des Produits et la Soci\u00e9t\u00e9 Ship It Cheap Trading and Services SARL \u00e0 les livrer.<\/strong><\/p>\n<h2>4.\u00a0Produit<\/h2>\n<p>Tous les produits pr\u00e9sents dans le catalogue sont commercialis\u00e9s jusqu&#8217;\u00e0 \u00e9puisement des stocks.<\/p>\n<p>La soci\u00e9t\u00e9 <strong>Ship It Cheap Trading and Services SARL<\/strong> se r\u00e9serve le droit de retirer du catalogue un article, et ceci sans pr\u00e9avis. Elle ne peut en aucun cas \u00eatre tenu de d\u00e9dommager ou d&#8217;annuler une commande suite \u00e0 l&#8217;impossibilit\u00e9 d&#8217;utiliser le produit achet\u00e9 pour une raison d&#8217;incompatibilit\u00e9 avec le mat\u00e9riel d\u00e9j\u00e0 poss\u00e9d\u00e9 par l&#8217;acheteur.<\/p>\n<h2><a name=\"_Toc525096588\"><\/a>5.\u00a0Passer une commande<\/h2>\n<p>Apr\u00e8s avoir trouver le ou les produits qui vous int\u00e9resse, cliquer sur le bouton \u2018\u2019commander\u2019\u2019, le produit est alors ajout\u00e9 dans votre bon de commande.<br \/>Vous pouvez \u00e0 tout instant modifier votre bon de commande et vous pouvez retourner au catalogue en appuyant sur poursuivre les achats.<\/p>\n<p>Lorsque vous avez termin\u00e9 vos achats, valider votre commande en cliquant sur le bouton de commande \u2018\u2019 payer\u2019\u2019.<\/p>\n<p>En cas d\u2019erreur de votre part, au moment de votre saisie sur le bon de commande, nous vous conseillons de nous adresser dans les 24 h une demande d\u2019annulation par e-mail. Apr\u00e8s annulation de la commande par <strong>Ship It Cheap Trading and Services SARL<\/strong>, vous pouvez commander \u00e0 nouveau.<\/p>\n<h2><a name=\"_Toc525096589\"><\/a>6.\u00a0Prix<\/h2>\n<p>Les prix mentionn\u00e9s sur le catalogue sont indiqu\u00e9s en dirham marocain hors taxe, sont valables au moment de leur consultation par le client et sont ceux en vigueur au moment de la commande.<\/p>\n<p>La TVA est calcul\u00e9e dans le bon de commande en fonction du taux applicable au jour de la commande. Le bon de commande et les transactions se font en dirham marocain.<\/p>\n<p>Tout changement du taux sera automatiquement r\u00e9percut\u00e9 sur le prix des produits.<\/p>\n<h2><a name=\"_Toc525096590\"><\/a><a name=\"_Toc524433433\"><\/a><a name=\"_Toc183422642\"><\/a>7. Ex\u00e9cution de la commande<\/h2>\n<p>La commande sera ex\u00e9cut\u00e9e au plus tard dans un d\u00e9lai de 7 jours \u00e0 compter du jour suivant celui o\u00f9 le Consommateur a pass\u00e9 sa commande.<\/p>\n<p>En cas d\u2019indisponibilit\u00e9 du Produit command\u00e9, le Consommateur en sera inform\u00e9 au plus t\u00f4t et aura la possibilit\u00e9 d\u2019annuler sa commande.<\/p>\n<p>Il aura alors le choix de demander soit le remboursement des sommes vers\u00e9es dans les trente jours au plus tard de leur versement, soit l\u2019\u00e9change du Produit.<\/p>\n<h2>8. Livraison<\/h2>\n<p>La livraison n\u2019est pas assur\u00e9e par <strong>Ship It Cheap Trading and Services SARL<\/strong>. Le client r\u00e9cup\u00e8rera sa marchandise dans l\u2019adresse de livraison indiqu\u00e9e sur son Bon de commande.<\/p>\n<p>Les Produits sont livr\u00e9s \u00e0 l\u2019adresse indiqu\u00e9e par le Consommateur sur le Bon de commande. Le Consommateur est tenu de v\u00e9rifier la marchandise \u00e0 la livraison et de signaler les dommages dus au transporteur sur le bon de livraison ainsi qu\u2019\u00e0 la Soci\u00e9t\u00e9 <strong>Ship It Cheap Trading and Services SARL<\/strong> dans un d\u00e9lai d\u2019un jour.<\/p>\n<p>Le Consommateur peut, \u00e0 sa demande, obtenir l\u2019envoi d\u2019une facture \u00e0 l\u2019adresse de livraison en validant l\u2019option pr\u00e9vue \u00e0 cet effet sur le Bon de commande.<\/p>\n<p><strong>Combien co\u00fbte la livraison ?<\/strong><\/p>\n<p>Les frais de transport sont \u00e0 la charge de l&#8217;acheteur,<\/p>\n<p>&#8211; Au Maroc et \u00e0 l&#8217;\u00e9tranger, ils sont bas\u00e9s sur les tarifs de [NOM DE LA SOCI\u00c9T\u00c9 DE LOGISTIQUE] en envoi recommand\u00e9.<\/p>\n<p>&#8211; Nos tarifs s&#8217;entendent TTC et sont calcul\u00e9s sur la base du poids des produits.<br \/>&#8211; Le co\u00fbt du transport de votre livraison est indiqu\u00e9 sur votre facture.<\/p>\n<p>&#8211; Il diminue avec la quantit\u00e9 command\u00e9e. Le mieux est de regrouper vos commandes.<\/p>\n<p><strong>Quels sont les d\u00e9lais de livraison\u00a0?<\/strong><\/p>\n<p>Apr\u00e8s la r\u00e9ception de votre r\u00e8glement, votre commande est exp\u00e9di\u00e9e dans les 48 heures, sous r\u00e9serve de stock disponible.<\/p>\n<p>Au Maroc et \u00e0 l&#8217;\u00e9tranger, les articles vous seront envoy\u00e9s par poste en recommand\u00e9.<br \/>Les \u00e9ventuels retards ne sauraient donner lieu ni \u00e0 des dommages et int\u00e9r\u00eats, ni \u00e0 annulation de commande, ni refus de prendre la livraison.<\/p>\n<h2><a name=\"_Toc525096591\"><\/a>9.\u00a0Mode de paiement<\/h2>\n<p>Pour r\u00e9gler votre commande, vous choisissez le moyen de paiement parmi ceux propos\u00e9s par <strong>Ship It Cheap Trading and Services SARL<\/strong> au niveau de la page de paiement.<\/p>\n<p>Dans ce cas, la remise de la transaction pour d\u00e9bit de votre compte est effectu\u00e9e dans la journ\u00e9e qui suit la date de la confirmation de livraison.<\/p>\n<p>Vos paiements en ligne sont s\u00e9curis\u00e9s par le Centre Mon\u00e9tique Interbancaire (CMI) qui offre un service de paiement enti\u00e8rement s\u00e9curis\u00e9.<\/p>\n<p>Le Consommateur garantit la Soci\u00e9t\u00e9 <strong>Ship It Cheap Trading and Services SARL<\/strong> qu\u2019il dispose des autorisations \u00e9ventuellement n\u00e9cessaires pour utiliser le mode de paiement choisi par lui, lors de la validation du Bon de commande.<\/p>\n<p>En cas de paiement par carte bancaire, les dispositions relatives \u00e0 l\u2019utilisation frauduleuse du moyen de paiement pr\u00e9vues dans les conventions conclues entre le Consommateur et l\u2019\u00e9metteur de la carte et entre la Soci\u00e9t\u00e9 <strong>Ship It Cheap Trading and<\/strong> <strong>Services SARL<\/strong> et son \u00e9tablissement bancaire s\u2019appliquent.<\/p>\n<h2><a name=\"_Toc525096592\"><\/a>10. Confidentialit\u00e9 des donn\u00e9es<\/h2>\n<p>Les informations qui vous sont demand\u00e9es sont n\u00e9cessaires au traitement de <br \/>votre commande et elles sont trait\u00e9es de mani\u00e8re confidentielle.<br \/>Vous disposez d\u2019un droit de rectification relatif aux donn\u00e9es vous concernant.<strong>\u00a0<\/strong><\/p>\n<h2>11.\u00a0Annuler une commande pay\u00e9e par carte bancaire<\/h2>\n<p>Si vous souhaitez annuler une commande que vous avez d\u00e9j\u00e0 pay\u00e9e par carte bancaire sur <strong>shipitcheap.co<\/strong>, voici les \u00e9tapes \u00e0 suivre en fran\u00e7ais :<\/p>\n<ol>\n<li>\n<p><strong>Contactez le service client<\/strong> :<\/p>\n<ul>\n<li>Rendez-vous sur le site <strong>shipitcheap.co<\/strong> et cherchez les informations de contact du service client (email, t\u00e9l\u00e9phone, ou chat en ligne).<\/li>\n<li>Expliquez que vous souhaitez annuler votre commande en pr\u00e9cisant les d\u00e9tails de celle-ci (num\u00e9ro de commande, montant pay\u00e9, etc.).<\/li>\n<\/ul>\n<\/li>\n<li>\n<p><strong>V\u00e9rifiez les conditions d\u2019annulation<\/strong> :<\/p>\n<ul>\n<li>Consultez les conditions g\u00e9n\u00e9rales de vente sur le site pour conna\u00eetre la politique d\u2019annulation. Certaines commandes peuvent \u00eatre annul\u00e9es avant l\u2019exp\u00e9dition, tandis que d\u2019autres pourraient ne pas \u00eatre \u00e9ligibles \u00e0 une annulation.<\/li>\n<\/ul>\n<\/li>\n<li>\n<p><strong>Demandez un remboursement<\/strong> :<\/p>\n<ul>\n<li>Si l\u2019annulation est accept\u00e9e, demandez un remboursement du montant pay\u00e9 par carte bancaire. Le remboursement peut prendre quelques jours ouvrables pour \u00eatre trait\u00e9.<\/li>\n<\/ul>\n<\/li>\n<li>\n<p><strong>Suivi de l&#8217;annulation<\/strong> :<\/p>\n<ul>\n<li>Demandez une confirmation \u00e9crite de l\u2019annulation et du remboursement pour votre propre suivi.<\/li>\n<\/ul>\n<\/li>\n<\/ol>\n<p>Assurez-vous de suivre les d\u00e9marches rapidement, surtout si la commande est sur le point d\u2019\u00eatre exp\u00e9di\u00e9e.<\/p>\n<h2><a name=\"_Toc183422647\"><\/a>12.\u00a0 Droit de r\u00e9tractation<\/h2>\n<p>A compter de la date de livraison de votre commande, vous disposez d&#8217;un d\u00e9lai de 7 jours pour faire valoir votre droit de r\u00e9tractation, et \u00eatre int\u00e9gralement rembours\u00e9. Les frais de renvoi des marchandises restant \u00e0 votre charge. Cependant, seules les marchandises retourn\u00e9es en parfait \u00e9tat de revente, compl\u00e8tes et dans leur emballage d&#8217;origine (non-ouvert) pourront \u00eatre rembours\u00e9es.<strong>\u00a0<\/strong><\/p>\n<h2>13.\u00a0 <a name=\"_Toc183422648\"><\/a>Garantie<\/h2>\n<p>Tous les produits vendus sur le catalogue sont garantis contre les d\u00e9fauts de fabrication et vice de mati\u00e8re. La dur\u00e9e de cette garantie est d&#8217;au moins une ann\u00e9e (\u00e0 partir de la date de facture). En cas de retour de mat\u00e9riel s&#8217;av\u00e9rant non d\u00e9fectueux, des frais de transport et de manutention pourront \u00eatre factur\u00e9s au client. Cette garantie ne couvre pas les dommages r\u00e9sultant d&#8217;accidents, de mauvaise utilisation ou de n\u00e9gligence.<\/p>\n<h2>14.\u00a0 <a name=\"_Toc183422649\"><\/a>Preuve des transactions pay\u00e9s par carte bancaire<\/h2>\n<p>Les donn\u00e9es enregistr\u00e9es par le CMI sur la plate-forme de paiement en ligne pour le compte de <strong>Ship It Cheap Trading and Services SARL<\/strong> constituent la preuve des transactions commerciales pass\u00e9es entre vous et la soci\u00e9t\u00e9 <strong>Ship It Cheap Trading and Services SARL<\/strong>.<\/p>\n<h2><a name=\"_Toc183422650\"><\/a>15.\u00a0 Force majeure<\/h2>\n<p><strong>Ship It Cheap Trading and Services SARL<\/strong> n\u2019est tenu pour l\u2019ex\u00e9cution de ses obligations que dans la mesure o\u00f9 aucun \u00e9v\u00e9nement de force majeure ne vient les entraver.<\/p>\n<p>\u00a0<\/p>\n<p>\u00a0<\/p>\t\t\t\t\t\t\t\t<\/div>\n\t\t\t\t<\/div>\n\t\t\t\t\t<\/div>\n\t\t\t\t<\/div>\n\t\t\t\t<\/div>\n\t\t","protected":false},"excerpt":{"rendered":"<p>Pr\u00e9ambule. 1 Objet 1 D\u00e9finitions 2 Produit 2 Passer une commande 2 Prix. 2 Ex\u00e9cution de la commande. 3 Livraison.<\/p>\n","protected":false},"author":2,"featured_media":0,"parent":0,"menu_order":0,"comment_status":"closed","ping_status":"closed","template":"elementor_header_footer","meta":{"footnotes":""},"class_list":["post-4889","page","type-page","status-publish","hentry"],"_links":{"self":[{"href":"https:\/\/shipitcheap.co\/ar\/wp-json\/wp\/v2\/pages\/4889","targetHints":{"allow":["GET"]}}],"collection":[{"href":"https:\/\/shipitcheap.co\/ar\/wp-json\/wp\/v2\/pages"}],"about":[{"href":"https:\/\/shipitcheap.co\/ar\/wp-json\/wp\/v2\/types\/page"}],"author":[{"embeddable":true,"href":"https:\/\/shipitcheap.co\/ar\/wp-json\/wp\/v2\/users\/2"}],"replies":[{"embeddable":true,"href":"https:\/\/shipitcheap.co\/ar\/wp-json\/wp\/v2\/comments?post=4889"}],"version-history":[{"count":1,"href":"https:\/\/shipitcheap.co\/ar\/wp-json\/wp\/v2\/pages\/4889\/revisions"}],"predecessor-version":[{"id":4891,"href":"https:\/\/shipitcheap.co\/ar\/wp-json\/wp\/v2\/pages\/4889\/revisions\/4891"}],"wp:attachment":[{"href":"https:\/\/shipitcheap.co\/ar\/wp-json\/wp\/v2\/media?parent=4889"}],"curies":[{"name":"wp","href":"https:\/\/api.w.org\/{rel}","templated":true}]}}